{"id":2613,"date":"2021-03-25T04:19:05","date_gmt":"2021-03-25T04:19:05","guid":{"rendered":"https:\/\/preview.droitthemes.net\/wp\/sparch\/?page_id=6"},"modified":"2022-12-01T20:29:05","modified_gmt":"2022-12-01T20:29:05","slug":"home-light","status":"publish","type":"page","link":"https:\/\/jubreda.com.br\/","title":{"rendered":"JuBreda &#8211; Arquitetura de Edifica\u00e7\u00f5es"},"content":{"rendered":"\n\t\t\t<!-- START Slider one REVOLUTION SLIDER 6.5.31 --><p class=\"rs-p-wp-fix\"><\/p>\n\t\t\t<rs-module-wrap id=\"rev_slider_1_1_wrapper\" data-source=\"gallery\" style=\"visibility:hidden;background:transparent;padding:0;\">\n\t\t\t\t<rs-module id=\"rev_slider_1_1\" style=\"\" data-version=\"6.5.31\">\n\t\t\t\t\t<rs-slides>\n\t\t\t\t\t\t<rs-slide style=\"position: absolute;\" data-key=\"rs-1\" data-title=\"Slide\" data-thumb=\"\/\/jubreda.com.br\/wp-content\/uploads\/2022\/10\/002-50x100.png\" data-anim=\"adpr:false;\" data-in=\"o:0;y:-100%;\" data-out=\"a:false;\">\n\t\t\t\t\t\t\t<img decoding=\"async\" src=\"\/\/jubreda.com.br\/wp-content\/plugins\/slider-revolution\/public\/assets\/assets\/dummy.png\" alt=\"\" title=\"002\" width=\"1920\" height=\"1080\" class=\"rev-slidebg tp-rs-img rs-lazyload\" data-lazyload=\"\/\/jubreda.com.br\/wp-content\/uploads\/2022\/10\/002.png\" data-no-retina>\n<!--\n\t\t\t\t\t\t\t--><rs-layer\n\t\t\t\t\t\t\t\tid=\"slider-1-slide-1-layer-0\" \n\t\t\t\t\t\t\t\tdata-type=\"text\"\n\t\t\t\t\t\t\t\tdata-rsp_ch=\"on\"\n\t\t\t\t\t\t\t\tdata-xy=\"xo:63px,50px,43px,23px;yo:323px,266px,216px,123px;\"\n\t\t\t\t\t\t\t\tdata-text=\"w:normal;s:27,22,20,20;l:34,28,21,26;\"\n\t\t\t\t\t\t\t\tdata-dim=\"h:auto,auto,auto,15px;\"\n\t\t\t\t\t\t\t\tdata-frame_999=\"o:0;st:w;\"\n\t\t\t\t\t\t\t\tstyle=\"z-index:5;font-family:'Roboto';\"\n\t\t\t\t\t\t\t>Especializada em \n\t\t\t\t\t\t\t<\/rs-layer><!--\n\n\t\t\t\t\t\t\t--><rs-layer\n\t\t\t\t\t\t\t\tid=\"slider-1-slide-1-layer-1\" \n\t\t\t\t\t\t\t\tdata-type=\"text\"\n\t\t\t\t\t\t\t\tdata-rsp_ch=\"on\"\n\t\t\t\t\t\t\t\tdata-xy=\"xo:63px,50px,36px,20px;yo:377px,311px,258px,167px;\"\n\t\t\t\t\t\t\t\tdata-text=\"w:normal;s:80,66,50,45;l:90,74,56,55;fw:600;\"\n\t\t\t\t\t\t\t\tdata-dim=\"w:780px,644px,489px,394px;h:193px,159px,120px,165px;\"\n\t\t\t\t\t\t\t\tdata-frame_0=\"y:100%;\"\n\t\t\t\t\t\t\t\tdata-frame_0_mask=\"u:t;\"\n\t\t\t\t\t\t\t\tdata-frame_1=\"sp:1200;\"\n\t\t\t\t\t\t\t\tdata-frame_1_mask=\"u:t;\"\n\t\t\t\t\t\t\t\tdata-frame_999=\"o:0;st:w;\"\n\t\t\t\t\t\t\t\tstyle=\"z-index:6;font-family:'Poppins';\"\n\t\t\t\t\t\t\t>Arquitetura de Edifica\u00e7\u00f5es \n\t\t\t\t\t\t\t<\/rs-layer><!--\n\n\t\t\t\t\t\t\t--><rs-layer\n\t\t\t\t\t\t\t\tid=\"slider-1-slide-1-layer-6\" \n\t\t\t\t\t\t\t\tclass=\"rev-btn rev-hiddenicon\"\n\t\t\t\t\t\t\t\tdata-type=\"button\"\n\t\t\t\t\t\t\t\tdata-rsp_ch=\"on\"\n\t\t\t\t\t\t\t\tdata-xy=\"xo:64px,52px,39px,24px;yo:649px,535px,406px,302px;\"\n\t\t\t\t\t\t\t\tdata-text=\"w:normal;s:17,16,14,14;l:16,18,20,20;ls:1,0,0,0;a:inherit;\"\n\t\t\t\t\t\t\t\tdata-dim=\"minh:0px,none,none,none;\"\n\t\t\t\t\t\t\t\tdata-padding=\"t:15,12,9,6;r:35,29,22,14;b:15,12,9,6;l:35,29,22,14;\"\n\t\t\t\t\t\t\t\tdata-frame_1=\"e:power4.inOut;sp:1500;\"\n\t\t\t\t\t\t\t\tdata-frame_999=\"o:0;st:w;\"\n\t\t\t\t\t\t\t\tdata-frame_hover=\"bgc:#000;bor:0px,0px,0px,0px;sp:200;\"\n\t\t\t\t\t\t\t\tstyle=\"z-index:11;background-color:#000000;font-family:'Poppins';text-transform:capitalize;\"\n\t\t\t\t\t\t\t>Ver projetos <i class=\"fa-angle-right\"><\/i> \n\t\t\t\t\t\t\t<\/rs-layer><!--\n-->\t\t\t\t\t\t<\/rs-slide>\n\t\t\t\t\t\t<rs-slide style=\"position: absolute;\" data-key=\"rs-2\" data-title=\"Slide\" data-thumb=\"\/\/jubreda.com.br\/wp-content\/uploads\/2022\/10\/001-50x100.png\" data-anim=\"adpr:false;\" data-filter=\"e:late;b:6;\" data-in=\"o:0;sx:1.05;sy:1.05;e:power1.in;\" data-out=\"a:false;\">\n\t\t\t\t\t\t\t<img decoding=\"async\" src=\"\/\/jubreda.com.br\/wp-content\/plugins\/slider-revolution\/public\/assets\/assets\/dummy.png\" alt=\"\" title=\"001\" width=\"1920\" height=\"1080\" class=\"rev-slidebg tp-rs-img rs-lazyload\" data-lazyload=\"\/\/jubreda.com.br\/wp-content\/uploads\/2022\/10\/001.png\" data-no-retina>\n<!--\n\t\t\t\t\t\t\t--><rs-layer\n\t\t\t\t\t\t\t\tid=\"slider-1-slide-2-layer-0\" \n\t\t\t\t\t\t\t\tdata-type=\"text\"\n\t\t\t\t\t\t\t\tdata-rsp_ch=\"on\"\n\t\t\t\t\t\t\t\tdata-xy=\"xo:63px,50px,43px,23px;yo:323px,266px,216px,123px;\"\n\t\t\t\t\t\t\t\tdata-text=\"w:normal;s:27,22,20,20;l:34,28,21,12;\"\n\t\t\t\t\t\t\t\tdata-frame_0=\"sX:0.9;sY:0.9;\"\n\t\t\t\t\t\t\t\tdata-frame_1=\"e:power2.inOut;st:1000;sp:1000;\"\n\t\t\t\t\t\t\t\tdata-frame_999=\"o:0;st:w;sR:7110;\"\n\t\t\t\t\t\t\t\tstyle=\"z-index:5;font-family:'Roboto';\"\n\t\t\t\t\t\t\t> Especializada em \n\t\t\t\t\t\t\t<\/rs-layer><!--\n\n\t\t\t\t\t\t\t--><rs-layer\n\t\t\t\t\t\t\t\tid=\"slider-1-slide-2-layer-1\" \n\t\t\t\t\t\t\t\tdata-type=\"text\"\n\t\t\t\t\t\t\t\tdata-rsp_ch=\"on\"\n\t\t\t\t\t\t\t\tdata-xy=\"xo:63px,50px,36px,20px;yo:377px,311px,258px,167px;\"\n\t\t\t\t\t\t\t\tdata-text=\"w:normal;s:80,66,50,45;l:90,74,56,55;fw:600;\"\n\t\t\t\t\t\t\t\tdata-dim=\"w:695px,573px,435px,440px;h:193px,159px,120px,83px;\"\n\t\t\t\t\t\t\t\tdata-frame_0=\"sX:0.9;sY:0.9;\"\n\t\t\t\t\t\t\t\tdata-frame_1=\"e:power2.inOut;st:1150;sp:1000;\"\n\t\t\t\t\t\t\t\tdata-frame_999=\"o:0;st:w;sR:5720;\"\n\t\t\t\t\t\t\t\tstyle=\"z-index:6;font-family:'Poppins';\"\n\t\t\t\t\t\t\t>Arquitetura de edifica\u00e7\u00f5es \n\t\t\t\t\t\t\t<\/rs-layer><!--\n\n\t\t\t\t\t\t\t--><rs-layer\n\t\t\t\t\t\t\t\tid=\"slider-1-slide-2-layer-4\" \n\t\t\t\t\t\t\t\tclass=\"rev-btn rev-hiddenicon\"\n\t\t\t\t\t\t\t\tdata-type=\"button\"\n\t\t\t\t\t\t\t\tdata-rsp_ch=\"on\"\n\t\t\t\t\t\t\t\tdata-xy=\"xo:64px,52px,39px,24px;yo:649px,535px,406px,302px;\"\n\t\t\t\t\t\t\t\tdata-text=\"w:normal;s:17,16,14,14;l:16,18,20,20;ls:1,0,0,0;a:inherit;\"\n\t\t\t\t\t\t\t\tdata-dim=\"minh:0px,none,none,none;\"\n\t\t\t\t\t\t\t\tdata-padding=\"t:15,12,9,6;r:35,29,22,14;b:15,12,9,6;l:35,29,22,14;\"\n\t\t\t\t\t\t\t\tdata-frame_1=\"e:power4.inOut;sp:1500;\"\n\t\t\t\t\t\t\t\tdata-frame_999=\"o:0;st:w;\"\n\t\t\t\t\t\t\t\tdata-frame_hover=\"bgc:#000;bor:0px,0px,0px,0px;sp:200;\"\n\t\t\t\t\t\t\t\tstyle=\"z-index:11;background-color:#000000;font-family:'Poppins';text-transform:capitalize;\"\n\t\t\t\t\t\t\t>Ver projetos <i class=\"fa-angle-right\"><\/i> \n\t\t\t\t\t\t\t<\/rs-layer><!--\n\n\t\t\t\t\t\t\t--><rs-layer\n\t\t\t\t\t\t\t\tid=\"slider-1-slide-2-layer-5\" \n\t\t\t\t\t\t\t\tdata-type=\"object\"\n\t\t\t\t\t\t\t\tdata-rsp_ch=\"on\"\n\t\t\t\t\t\t\t\tdata-xy=\"xo:50px,41px,31px,19px;yo:250px,206px,156px,96px;\"\n\t\t\t\t\t\t\t\tdata-text=\"w:normal;s:20,16,12,7;l:0,20,15,9;\"\n\t\t\t\t\t\t\t\tdata-frame_1=\"st:1470;sp:580;sR:1470;\"\n\t\t\t\t\t\t\t\tdata-frame_999=\"o:0;st:w;sR:6950;\"\n\t\t\t\t\t\t\t\tstyle=\"z-index:9;font-family:'Roboto';\"\n\t\t\t\t\t\t\t> \n\t\t\t\t\t\t\t<\/rs-layer><!--\n-->\t\t\t\t\t\t<\/rs-slide>\n\t\t\t\t\t\t<rs-slide style=\"position: absolute;\" data-key=\"rs-3\" data-title=\"Slide\" data-thumb=\"\/\/jubreda.com.br\/wp-content\/uploads\/2023\/01\/005-50x100.png\" data-anim=\"adpr:false;\" data-filter=\"e:late3;b:10;\" data-in=\"o:0;sx:1.1;sy:1.1;e:power1.in;\" data-out=\"a:false;\">\n\t\t\t\t\t\t\t<img decoding=\"async\" src=\"\/\/jubreda.com.br\/wp-content\/plugins\/slider-revolution\/public\/assets\/assets\/dummy.png\" alt=\"\" title=\"005\" width=\"1920\" height=\"1080\" class=\"rev-slidebg tp-rs-img rs-lazyload\" data-lazyload=\"\/\/jubreda.com.br\/wp-content\/uploads\/2023\/01\/005.png\" data-no-retina>\n<!--\n\t\t\t\t\t\t\t--><rs-layer\n\t\t\t\t\t\t\t\tid=\"slider-1-slide-3-layer-0\" \n\t\t\t\t\t\t\t\tdata-type=\"text\"\n\t\t\t\t\t\t\t\tdata-rsp_ch=\"on\"\n\t\t\t\t\t\t\t\tdata-xy=\"xo:63px,50px,43px,23px;yo:323px,266px,216px,123px;\"\n\t\t\t\t\t\t\t\tdata-text=\"w:normal;s:27,22,20,20;l:34,28,21,26;\"\n\t\t\t\t\t\t\t\tdata-frame_999=\"o:0;st:w;\"\n\t\t\t\t\t\t\t\tstyle=\"z-index:5;font-family:'Roboto';\"\n\t\t\t\t\t\t\t>Especializada em \n\t\t\t\t\t\t\t<\/rs-layer><!--\n\n\t\t\t\t\t\t\t--><rs-layer\n\t\t\t\t\t\t\t\tid=\"slider-1-slide-3-layer-1\" \n\t\t\t\t\t\t\t\tdata-type=\"text\"\n\t\t\t\t\t\t\t\tdata-rsp_ch=\"on\"\n\t\t\t\t\t\t\t\tdata-xy=\"xo:63px,50px,36px,20px;yo:377px,311px,258px,167px;\"\n\t\t\t\t\t\t\t\tdata-text=\"w:normal;s:80,66,50,45;l:90,74,56,55;fw:600;\"\n\t\t\t\t\t\t\t\tdata-dim=\"w:780px,644px,489px,395px;h:193px,159px,120px,auto;\"\n\t\t\t\t\t\t\t\tdata-frame_0=\"sX:0.9;sY:0.9;\"\n\t\t\t\t\t\t\t\tdata-frame_1=\"sp:1000;\"\n\t\t\t\t\t\t\t\tdata-frame_999=\"o:0;st:w;\"\n\t\t\t\t\t\t\t\tstyle=\"z-index:6;font-family:'Poppins';\"\n\t\t\t\t\t\t\t>Arquitetura de edifica\u00e7\u00f5es \n\t\t\t\t\t\t\t<\/rs-layer><!--\n\n\t\t\t\t\t\t\t--><rs-layer\n\t\t\t\t\t\t\t\tid=\"slider-1-slide-3-layer-3\" \n\t\t\t\t\t\t\t\tclass=\"rev-btn rev-hiddenicon\"\n\t\t\t\t\t\t\t\tdata-type=\"button\"\n\t\t\t\t\t\t\t\tdata-rsp_ch=\"on\"\n\t\t\t\t\t\t\t\tdata-xy=\"xo:64px,52px,39px,24px;yo:649px,535px,406px,302px;\"\n\t\t\t\t\t\t\t\tdata-text=\"w:normal;s:17,16,14,14;l:16,18,20,20;ls:1,0,0,0;a:inherit;\"\n\t\t\t\t\t\t\t\tdata-dim=\"minh:0px,none,none,none;\"\n\t\t\t\t\t\t\t\tdata-padding=\"t:15,12,9,6;r:35,29,22,14;b:15,12,9,6;l:35,29,22,14;\"\n\t\t\t\t\t\t\t\tdata-frame_1=\"e:power4.inOut;sp:1500;\"\n\t\t\t\t\t\t\t\tdata-frame_999=\"o:0;st:w;\"\n\t\t\t\t\t\t\t\tdata-frame_hover=\"bgc:#000;bor:0px,0px,0px,0px;sp:200;\"\n\t\t\t\t\t\t\t\tstyle=\"z-index:11;background-color:#000000;font-family:'Poppins';text-transform:capitalize;\"\n\t\t\t\t\t\t\t>Ver projetos <i class=\"fa-angle-right\"><\/i> \n\t\t\t\t\t\t\t<\/rs-layer><!--\n\n\t\t\t\t\t\t\t--><rs-layer\n\t\t\t\t\t\t\t\tid=\"slider-1-slide-3-layer-12\" \n\t\t\t\t\t\t\t\tdata-type=\"text\"\n\t\t\t\t\t\t\t\tdata-color=\"#fff\"\n\t\t\t\t\t\t\t\tdata-rsp_ch=\"on\"\n\t\t\t\t\t\t\t\tdata-xy=\"xo:706px,583px,442px,272px;yo:562px,464px,352px,217px;\"\n\t\t\t\t\t\t\t\tdata-text=\"w:nowrap;s:20,16,12,7;l:40,33,25,15;ls:1,0,0,0;fw:500;\"\n\t\t\t\t\t\t\t\tdata-dim=\"minh:0,none,none,none;\"\n\t\t\t\t\t\t\t\tdata-frame_999=\"o:0;st:w;\"\n\t\t\t\t\t\t\t\tstyle=\"z-index:10;font-family:'Roboto';\"\n\t\t\t\t\t\t\t> \n\t\t\t\t\t\t\t<\/rs-layer><!--\n-->\t\t\t\t\t\t<\/rs-slide>\n\t\t\t\t\t<\/rs-slides>\n\t\t\t\t\t<rs-static-layers class=\"rs-stl-visible\"><!--\n\n\t\t\t\t\t\t\t--><rs-layer\n\t\t\t\t\t\t\t\tid=\"slider-1-slide-1-layer-7\" \n\t\t\t\t\t\t\t\tclass=\"slide-status-numbers shap rs-layer-static\"\n\t\t\t\t\t\t\t\tdata-type=\"text\"\n\t\t\t\t\t\t\t\tdata-color=\"#c5e213\"\n\t\t\t\t\t\t\t\tdata-rsp_ch=\"on\"\n\t\t\t\t\t\t\t\tdata-xy=\"xo:-1043px,-317px,-590px,-364px;yo:-28px,-26px,-15px,-9px;\"\n\t\t\t\t\t\t\t\tdata-text=\"s:55,45,34,20;l:100,82,62,38;fw:700;a:right;\"\n\t\t\t\t\t\t\t\tdata-dim=\"w:938px,774px,588px,362px;h:527px,435px,330px,203px;\"\n\t\t\t\t\t\t\t\tdata-onslides=\"s:1;\"\n\t\t\t\t\t\t\t\tdata-padding=\"t:290,239,182,112;r:70,58,44,27;b:100,83,63,39;l:50,41,31,19;\"\n\t\t\t\t\t\t\t\tdata-frame_999=\"o:0;st:w;\"\n\t\t\t\t\t\t\t\tstyle=\"z-index:8;background-color:#ffffff;font-family:'Roboto';display:none;\"\n\t\t\t\t\t\t\t> \n\t\t\t\t\t\t\t<\/rs-layer><!--\n\t\t\t\t\t--><\/rs-static-layers>\n\t\t\t\t<\/rs-module>\n\t\t\t\t<script>\n\t\t\t\t\tsetREVStartSize({c: 'rev_slider_1_1',rl:[1240,1024,778,480],el:[900,768,500,400],gw:[1240,1024,778,480],gh:[900,768,500,400],type:'standard',justify:'',layout:'fullscreen',offsetContainer:'',offset:'',mh:\"0\"});if (window.RS_MODULES!==undefined && window.RS_MODULES.modules!==undefined && window.RS_MODULES.modules[\"revslider11\"]!==undefined) {window.RS_MODULES.modules[\"revslider11\"].once = false;window.revapi1 = undefined;if (window.RS_MODULES.checkMinimal!==undefined) window.RS_MODULES.checkMinimal()}\n\t\t\t\t<\/script>\n\t\t\t<\/rs-module-wrap>\n\t\t\t<!-- END REVOLUTION SLIDER -->\n\n<h2 \n                ><br \/>\n                                            Ju Breda<br \/>\n                          <\/h2>\n<p>Arquiteta graduada em 1998 pelo Centro Universit\u00e1rio Moura Lacerda (Ribeir\u00e3o Preto). Juliana tem 25 anos de carreira atuando em Projetos de Edif\u00edcios residenciais e comerciais em v\u00e1rias cidades do Estado de S\u00e3o Paulo, principalmente nas Regi\u00f5es de Campinas e Ribeir\u00e3o Preto e em Minas Gerais em Uberl\u00e2ndia e Uberaba, atuando no desenvolvimento de todas as etapas de projeto.<\/p>\n<p>Como coordena\u00e7\u00e3o de projetos e equipes, j\u00e1 atuou em escrit\u00f3rios como Portela e Rivaben, M\u00e1rcia Santiago e Rivaben Arquitetura.<br \/>Em 2014, iniciou o escrit\u00f3rio de projetos arquitet\u00f4nicos internos na Bild Desenvolvimento Imobili\u00e1rio, onde fez a gest\u00e3o da equipe de Arquitetura atuante em todas as fases de estudo \u00e0 execu\u00e7\u00e3o: concep\u00e7\u00e3o\/viabilidade, projeto legal, projeto executivo e detalhamento.<\/p>\n<h5 \n                ><br \/>\n                          <\/h5>\n<p >\n<style>\/*! elementor - v3.7.8 - 02-10-2022 *\/\n.elementor-widget-image{text-align:center}.elementor-widget-image a{display:inline-block}.elementor-widget-image a img[src$=\".svg\"]{width:48px}.elementor-widget-image img{vertical-align:middle;display:inline-block}<\/style>\n<p>\t\t\t\t\t\t\t\t\t\t\t\t<img decoding=\"async\" width=\"500\" height=\"655\" src=\"https:\/\/jubreda.com.br\/wp-content\/uploads\/2022\/10\/JuBreda.png\" alt=\"\" loading=\"lazy\" srcset=\"https:\/\/jubreda.com.br\/wp-content\/uploads\/2022\/10\/JuBreda.png 500w, https:\/\/jubreda.com.br\/wp-content\/uploads\/2022\/10\/JuBreda-229x300.png 229w\" sizes=\"auto, (max-width: 500px) 100vw, 500px\" \/><br \/>\n\t\t\t\t\t\t\t\t\t\t\t\t\t\t\t<img decoding=\"async\" width=\"500\" height=\"655\" src=\"https:\/\/jubreda.com.br\/wp-content\/uploads\/2022\/10\/KairosJu.png\" alt=\"\" loading=\"lazy\" srcset=\"https:\/\/jubreda.com.br\/wp-content\/uploads\/2022\/10\/KairosJu.png 500w, https:\/\/jubreda.com.br\/wp-content\/uploads\/2022\/10\/KairosJu-229x300.png 229w\" sizes=\"auto, (max-width: 500px) 100vw, 500px\" \/>\t\t\t\t\t\t\t\t\t\t\t\t\t\t\t<\/p>\n<style>\/*! elementor - v3.7.8 - 02-10-2022 *\/\n.elementor-heading-title{padding:0;margin:0;line-height:1}.elementor-widget-heading .elementor-heading-title[class*=elementor-size-]>a{color:inherit;font-size:inherit;line-height:inherit}.elementor-widget-heading .elementor-heading-title.elementor-size-small{font-size:15px}.elementor-widget-heading .elementor-heading-title.elementor-size-medium{font-size:19px}.elementor-widget-heading .elementor-heading-title.elementor-size-large{font-size:29px}.elementor-widget-heading .elementor-heading-title.elementor-size-xl{font-size:39px}.elementor-widget-heading .elementor-heading-title.elementor-size-xxl{font-size:59px}<\/style>\n<h2>Especializada em Arquitetura de Edifica\u00e7\u00f5es<\/h2>\n<ul>\n<li>&#8211; Men\u00e7\u00e3o Honrosa no 10\u00ba Opera Prima Nacional em 1998.<\/li>\n<li>&#8211; Participante da campanha mundial de marketing do ArchiCAD em 2020.<\/li>\n<li>&#8211; Cursos de ArchiCad ministrados na Pro-Arq (Ribeir\u00e3o Preto) e Editora PINI (S\u00e3o Paulo)<\/li>\n<\/ul>\n<ul>\n<li>Atendimento direto \u00e0s construtoras St\u00e9fani Nogueira, Bild Desenvolvimento Imobili\u00e1rio e JV Dias.<\/li>\n<\/ul>\n<h2>Experi\u00eancias com grandes marcas<\/h2>\n<p>\t\t\t\t\t\t\t\t\t\t\t\t\t\t\t<img decoding=\"async\" width=\"150\" height=\"150\" src=\"https:\/\/jubreda.com.br\/wp-content\/uploads\/2022\/10\/logo-cor_brnaco-150x150.jpg\" alt=\"\" loading=\"lazy\" srcset=\"https:\/\/jubreda.com.br\/wp-content\/uploads\/2022\/10\/logo-cor_brnaco-150x150.jpg 150w, https:\/\/jubreda.com.br\/wp-content\/uploads\/2022\/10\/logo-cor_brnaco.jpg 285w\" sizes=\"auto, (max-width: 150px) 100vw, 150px\" \/><br \/>\n\t\t\t\t\t\t\t\t\t\t\t\t\t\t\t<img decoding=\"async\" width=\"300\" height=\"168\" src=\"https:\/\/jubreda.com.br\/wp-content\/uploads\/2022\/10\/VITTA_Residencial_LOGO_Azul-300x168.jpg\" alt=\"\" loading=\"lazy\" srcset=\"https:\/\/jubreda.com.br\/wp-content\/uploads\/2022\/10\/VITTA_Residencial_LOGO_Azul-300x168.jpg 300w, https:\/\/jubreda.com.br\/wp-content\/uploads\/2022\/10\/VITTA_Residencial_LOGO_Azul-1024x573.jpg 1024w, https:\/\/jubreda.com.br\/wp-content\/uploads\/2022\/10\/VITTA_Residencial_LOGO_Azul-768x430.jpg 768w, https:\/\/jubreda.com.br\/wp-content\/uploads\/2022\/10\/VITTA_Residencial_LOGO_Azul.jpg 1482w\" sizes=\"auto, (max-width: 300px) 100vw, 300px\" \/><\/p>\n","protected":false},"excerpt":{"rendered":"<p>Ju Breda Arquiteta graduada em 1998 pelo Centro Universit\u00e1rio Moura Lacerda (Ribeir\u00e3o Preto). Juliana tem 25 anos de carreira atuando em Projetos de Edif\u00edcios residenciais e comerciais em v\u00e1rias cidades do Estado de S\u00e3o Paulo, principalmente nas Regi\u00f5es de Campinas e Ribeir\u00e3o Preto e em Minas Gerais em Uberl\u00e2ndia e Uberaba, atuando no desenvolvimento de &#8230;<\/p>\n","protected":false},"author":1,"featured_media":0,"parent":0,"menu_order":0,"comment_status":"closed","ping_status":"closed","template":"elementor_header_footer","meta":{"om_disable_all_campaigns":false,"_monsterinsights_skip_tracking":false,"_monsterinsights_sitenote_active":false,"_monsterinsights_sitenote_note":"","_monsterinsights_sitenote_category":0,"footnotes":""},"class_list":["post-2613","page","type-page","status-publish","hentry"],"aioseo_notices":[],"_links":{"self":[{"href":"https:\/\/jubreda.com.br\/index.php\/wp-json\/wp\/v2\/pages\/2613","targetHints":{"allow":["GET"]}}],"collection":[{"href":"https:\/\/jubreda.com.br\/index.php\/wp-json\/wp\/v2\/pages"}],"about":[{"href":"https:\/\/jubreda.com.br\/index.php\/wp-json\/wp\/v2\/types\/page"}],"author":[{"embeddable":true,"href":"https:\/\/jubreda.com.br\/index.php\/wp-json\/wp\/v2\/users\/1"}],"replies":[{"embeddable":true,"href":"https:\/\/jubreda.com.br\/index.php\/wp-json\/wp\/v2\/comments?post=2613"}],"version-history":[{"count":28,"href":"https:\/\/jubreda.com.br\/index.php\/wp-json\/wp\/v2\/pages\/2613\/revisions"}],"predecessor-version":[{"id":4488,"href":"https:\/\/jubreda.com.br\/index.php\/wp-json\/wp\/v2\/pages\/2613\/revisions\/4488"}],"wp:attachment":[{"href":"https:\/\/jubreda.com.br\/index.php\/wp-json\/wp\/v2\/media?parent=2613"}],"curies":[{"name":"wp","href":"https:\/\/api.w.org\/{rel}","templated":true}]}}