{"id":25,"date":"2021-03-25T04:31:02","date_gmt":"2021-03-25T04:31:02","guid":{"rendered":"https:\/\/preview.droitthemes.net\/wp\/sparch\/?page_id=25"},"modified":"2023-01-18T02:28:04","modified_gmt":"2023-01-18T02:28:04","slug":"about-us","status":"publish","type":"page","link":"https:\/\/jubreda.com.br\/index.php\/about-us\/","title":{"rendered":"Sobre"},"content":{"rendered":"<h1 \n                ><br \/>\n                                            25 anos de experi\u00eancia em <br \/>\nProjetos de Edif\u00edcios<br \/>\n                          <\/h1>\n<h2 >  <\/h2>\n<style>\/*! elementor - v3.7.8 - 02-10-2022 *\/\n.elementor-widget-image{text-align:center}.elementor-widget-image a{display:inline-block}.elementor-widget-image a img[src$=\".svg\"]{width:48px}.elementor-widget-image img{vertical-align:middle;display:inline-block}<\/style>\n<p>\t\t\t\t\t\t\t\t\t\t\t\t<img decoding=\"async\" width=\"640\" height=\"960\" src=\"https:\/\/jubreda.com.br\/wp-content\/uploads\/2022\/10\/JULIANA-6694-683x1024.jpg\" alt=\"\" loading=\"lazy\" srcset=\"https:\/\/jubreda.com.br\/wp-content\/uploads\/2022\/10\/JULIANA-6694-683x1024.jpg 683w, https:\/\/jubreda.com.br\/wp-content\/uploads\/2022\/10\/JULIANA-6694-200x300.jpg 200w, https:\/\/jubreda.com.br\/wp-content\/uploads\/2022\/10\/JULIANA-6694-768x1152.jpg 768w, https:\/\/jubreda.com.br\/wp-content\/uploads\/2022\/10\/JULIANA-6694-1024x1536.jpg 1024w, https:\/\/jubreda.com.br\/wp-content\/uploads\/2022\/10\/JULIANA-6694-1365x2048.jpg 1365w, https:\/\/jubreda.com.br\/wp-content\/uploads\/2022\/10\/JULIANA-6694-scaled.jpg 1707w\" sizes=\"auto, (max-width: 640px) 100vw, 640px\" \/>\t\t\t\t\t\t\t\t\t\t\t\t\t\t\t<\/p>\n<h3 \n                ><br \/>\n                          <\/h3>\n<p>Arquiteta graduada em 1998 pelo Centro Universit\u00e1rio Moura Lacerda, acredito que projetos de edifica\u00e7\u00f5es bem projetados podem contribuir com o bem-estar e conex\u00e3o das pessoas.<\/p>\n<p>Especialista no assunto, j\u00e1 passei por grandes escrit\u00f3rios e construtoras e desde 2022 atuo de forma independente contribuindo para que construtoras possam cada vez mais otimizar seus custos e se diferenciar no mercado atrav\u00e9s de projetos \u00fanicos e personalizados.<\/p>\n<h2 \n                ><br \/>\n                                            25 anos de hist\u00f3ria<br \/>\n                          <\/h2>\n<p><strong>Desenvolvimento de mais de 100 projetos.<\/strong><\/p>\n<p>Alguns dos projetos em que Ju Breda teve participa\u00e7\u00e3o:<\/p>\n<style>\/*! elementor - v3.7.8 - 02-10-2022 *\/\n.elementor-heading-title{padding:0;margin:0;line-height:1}.elementor-widget-heading .elementor-heading-title[class*=elementor-size-]>a{color:inherit;font-size:inherit;line-height:inherit}.elementor-widget-heading .elementor-heading-title.elementor-size-small{font-size:15px}.elementor-widget-heading .elementor-heading-title.elementor-size-medium{font-size:19px}.elementor-widget-heading .elementor-heading-title.elementor-size-large{font-size:29px}.elementor-widget-heading .elementor-heading-title.elementor-size-xl{font-size:39px}.elementor-widget-heading .elementor-heading-title.elementor-size-xxl{font-size:59px}<\/style>\n<h5>MARCIA SANTIAGO ARQUITETURA<\/h5>\n<p>\u2022 Condom\u00ednio San Francisco Village &#8211; St\u00e9fani Nogueira<br \/>\u2022 Ed. Rembrandt &#8211; St\u00e9fani Nogueira<br \/>\u2022 Ed. Van Gogh &#8211; St\u00e9fani Nogueira<br \/>\u2022 Dolce Vita Residenziale &#8211; St\u00e9fani Nogueira<br \/>\u2022 Ed. Monet &#8211; St\u00e9fani Nogueira<br \/>\u2022 Ed. Rodin &#8211; St\u00e9fani Nogueira<br \/>\u2022 Ed. Montreaux &#8211; Copema<br \/>\u2022 Ed. Geneve &#8211; Copema<br \/>\u2022 Ed. Montpellier &#8211; Copema<\/p>\n<h5>PORTELA ARQUITETOS<\/h5>\n<p>\u2022 Mercad\u00e3o Sorocaba<br \/>\u2022 Mercad\u00e3o Ribeir\u00e3o Preto<br \/>\u2022 Porto Itacar\u00e9 &#8211; Nogueira Porto<br \/>\u2022 Volare &#8211; Valadares Gontijo<br \/>\u2022 My Forest &#8211; Valadares Gontijo<br \/>\u2022 Nova Am\u00e9rica &#8211; THCM<br \/>\u2022 Dona Cila &#8211; Lix da Cunha<\/p>\n<h5>RIVABEN<br \/>\nARQUITETURA<\/h5>\n<p>\u2022 Manhattan Residence \u2013 St\u00e9fani Nogueira<br \/>\u2022 Mediterr\u00e2neo Residencial Flat \u2013 St\u00e9fani Nogueira<br \/>\u2022 Uber Corbusier \u2013 Bild<br \/>\u2022 Uber Gaudi \u2013 Bild<br \/>\u2022 Van der Rohe \u2013 Perplan<br \/>\u2022 Complexo Civitas \u2013 Perplan e Bild<br \/>\u2022 Urban \u2013 Perplan e Bild<br \/>\u2022 Ibiza \u2013 Bild<br \/>\u2022 Only Residence \u2013 Bild<br \/>\u2022 HUB \u2013 Bild<br \/>\u2022 Trend \u2013 Bild<br \/>\u2022 Belize Residence \u2013 Bild<br \/>\u2022 Berlim \u2013 JVDias<\/p>\n<h5>BILD DESENVOLVIMENTO IMOBILI\u00c1RIO<\/h5>\n<p>\u2022 Intercity Bauru &#8211; Bild<br \/>\u2022 Isla Lagoinha &#8211; Bild<br \/>\u2022 Uber Mir\u00f3 &#8211; Bild<br \/>\u2022 Vivant &#8211; Bild<br \/>\u2022 Attulae &#8211; Bild<br \/>\u2022 Exklusiv Golf &#8211; Bild<br \/>\u2022 Cosmopolitan &#8211; Bild<br \/>\u2022 Mirage &#8211; Bild<br \/>\u2022 Dublin &#8211; Bild<br \/>\u2022 Exklusiv Essenz \u2013 Bild<br \/>\u2022 Magna Vista &#8211; Bild<br \/>\u2022 Perspective &#8211; Bild<br \/>\u2022 La Vie &#8211; Bild<br \/>\u2022 Mirah &#8211; Bild<br \/>\u2022 Monet &#8211; Bild<br \/>\u2022 Duo &#8211; Bild<br \/>\u2022 Visage &#8211; Bild<br \/>\u2022 Vert &#8211; Bild<br \/>\u2022 L\u00b4Harmonie &#8211; Bild<br \/>\u2022 Solo &#8211; Bild<br \/>\u2022 Sirius &#8211; Bild<br \/>\u2022 Mood &#8211; Bild<br \/>\u2022 Navarro &#8211; Bild<br \/>\u2022 Sou &#8211; Bild<br \/>\u2022 Livit &#8211; Bild<br \/>\u2022 Kairos &#8211; Bild<br \/>\u2022 Tayga &#8211; Bild<br \/>\u2022 Neori &#8211; Bild<br \/>\u2022 Moove &#8211; Bild<br \/>\u2022 Mozaic &#8211; Bild<br \/>\u2022 Elev &#8211; Bild<br \/>\u2022 Auten &#8211; Bild<br \/>\u2022 Liniee &#8211; Bild<br \/>\u2022 Meet &#8211; Bild<br \/>\u2022 RJ &#8211; Bild<br \/>\u2022 Domun &#8211; Bild<br \/>\u2022 Lume &#8211; Bild<br \/>\u2022 Murano &#8211; Bild<\/p>\n","protected":false},"excerpt":{"rendered":"<p>25 anos de experi\u00eancia em Projetos de Edif\u00edcios Arquiteta graduada em 1998 pelo Centro Universit\u00e1rio Moura Lacerda, acredito que projetos de edifica\u00e7\u00f5es bem projetados podem contribuir com o bem-estar e conex\u00e3o das pessoas. Especialista no assunto, j\u00e1 passei por grandes escrit\u00f3rios e construtoras e desde 2022 atuo de forma independente contribuindo para que construtoras possam &#8230;<\/p>\n","protected":false},"author":1,"featured_media":0,"parent":0,"menu_order":0,"comment_status":"closed","ping_status":"closed","template":"templates\/fluid.php","meta":{"om_disable_all_campaigns":false,"_monsterinsights_skip_tracking":false,"_monsterinsights_sitenote_active":false,"_monsterinsights_sitenote_note":"","_monsterinsights_sitenote_category":0,"footnotes":""},"class_list":["post-25","page","type-page","status-publish","hentry"],"aioseo_notices":[],"_links":{"self":[{"href":"https:\/\/jubreda.com.br\/index.php\/wp-json\/wp\/v2\/pages\/25","targetHints":{"allow":["GET"]}}],"collection":[{"href":"https:\/\/jubreda.com.br\/index.php\/wp-json\/wp\/v2\/pages"}],"about":[{"href":"https:\/\/jubreda.com.br\/index.php\/wp-json\/wp\/v2\/types\/page"}],"author":[{"embeddable":true,"href":"https:\/\/jubreda.com.br\/index.php\/wp-json\/wp\/v2\/users\/1"}],"replies":[{"embeddable":true,"href":"https:\/\/jubreda.com.br\/index.php\/wp-json\/wp\/v2\/comments?post=25"}],"version-history":[{"count":20,"href":"https:\/\/jubreda.com.br\/index.php\/wp-json\/wp\/v2\/pages\/25\/revisions"}],"predecessor-version":[{"id":4513,"href":"https:\/\/jubreda.com.br\/index.php\/wp-json\/wp\/v2\/pages\/25\/revisions\/4513"}],"wp:attachment":[{"href":"https:\/\/jubreda.com.br\/index.php\/wp-json\/wp\/v2\/media?parent=25"}],"curies":[{"name":"wp","href":"https:\/\/api.w.org\/{rel}","templated":true}]}}